{"id":343,"date":"2020-01-07T16:01:47","date_gmt":"2020-01-07T15:01:47","guid":{"rendered":"http:\/\/www.assistenza-pc24h.it\/?page_id=343"},"modified":"2020-01-07T16:01:48","modified_gmt":"2020-01-07T15:01:48","slug":"gdpr-art-13-ue-679-2016","status":"publish","type":"page","link":"https:\/\/www.assistenza-pc24h.it\/index.php\/gdpr-art-13-ue-679-2016\/","title":{"rendered":"GDPR Art.13 UE 679\/2016"},"content":{"rendered":"\n<h1 class=\"wp-block-heading\"><strong>INFORMATIVA IN MERITO AL TRATTAMENTO DEI DATI PERSONALI<\/strong><\/h1>\n\n\n\n<h2 class=\"wp-block-heading\">Ai sensi del D.Lgs. 196\/2003 e del Regolamento UE 679\/2016<\/h2>\n\n\n\n<p><\/p>\n\n\n\n<h2 class=\"wp-block-heading\">INFORMATIVA TRATTAMENTO DATI PERSONALI &#8211; CLIENTI<\/h2>\n\n\n\n<p>Ai sensi del D.Lgs. 196\/2003 e del Regolamento UE 679\/2016 desideriamo informarLa che il trattamento dei dati personali da Lei forniti \u00e8 svolto nel rispetto dei diritti e delle libert\u00e0 fondamentali, con particolare riferimento alla riservatezza dell\u2019identit\u00e0 personale e al diritto alla protezione dei dati.<\/p>\n\n\n\n<p>TITOLARE DEL TRATTAMENTO:<\/p>\n\n\n\n<p>&#8211; Il Titolare del Trattamento \u00e8 Gaetani Liseo Francesco, con sede legale in Via Pisa 23 \u2013 10098 Rivoli (TO), contattabile al seguente indirizzo mail info@assistenza-pc24h.it<\/p>\n\n\n\n<p>TIPOLOGIA DI DATI TRATTATI:<\/p>\n\n\n\n<p>&#8211; La informiamo che i dati personali identificativi da Lei forniti (generalit\u00e0, residenza, numero documento identificativo, coordinate di posta elettronica, contatto telefonico) sono connessi e\/o strumentali all\u2019erogazione del servizio richiesto.<\/p>\n\n\n\n<p>BASE GIURIDICA:<\/p>\n\n\n\n<p>&#8211; La base giuridica \u00e8 costituita dall&#8217;esecuzione di un contratto di cui l&#8217;interessato \u00e8 parte o all&#8217;esecuzione di misure precontrattuali adottate su richiesta dello stesso.<\/p>\n\n\n\n<p>MODALIT\u00c0 E FINALIT\u00c0 DEL TRATTAMENTO DATI:<\/p>\n\n\n\n<p>&#8211; La informiamo che i dati personali da Lei forniti sono utilizzati per finalit\u00e0 direttamente connesse e strumentali allo svolgimento dei rapporti contrattuali, in essere o futuri, nonch\u00e9 per conseguire una efficace gestione dei rapporti commerciali (gestione degli ordini, l&#8217;evasione degli stessi, la fatturazione, servizio di assistenza clienti). I dati sono trattati senza il Vostro consenso espresso solo ed esclusivamente per le seguenti Finalit\u00e0 di Servizio: adempiere agli obblighi precontrattuali, contrattuali e fiscali derivanti da rapporti con voi in essere; adempiere agli obblighi previsti dalla legge, da un regolamento, dalla normativa comunitaria o da un ordine dell\u2019Autorit\u00e0; esercitare i diritti del Titolare, ad esempio il diritto di difesa in giudizio. La informiamo che i dati verranno trattati con un supporto elettronico e cartaceo e verranno custoditi e controllati mediante adozione di idonee misure preventive di sicurezza, volte a ridurre al minimo i rischi di perdita e distruzione, di accesso non autorizzato, di trattamento non consentito e difforme dalle finalit\u00e0 per cui il trattamento viene effettuato. I dati non sono soggetti ad un processo decisionale automatizzato.<\/p>\n\n\n\n<p>CATEGORIE DI DESTINATARI:<\/p>\n\n\n\n<p>&#8211; I dati personali saranno trattati dai dipendenti e collaboratori del Titolare, nella loro qualit\u00e0 di autorizzati\/incaricati del trattamento. I Suoi dati potranno da noi essere comunicati, per quanto di loro rispettiva e specifica competenza, ad Enti ed in generale ad ogni soggetto pubblico o privato rispetto al quale vi sia per noi obbligo (o facolt\u00e0 riconosciuta da norme di legge o di normativa secondaria o comunitaria) o necessit\u00e0 di comunicazione, nonch\u00e9 a soggetti nostri consulenti, nei limiti necessari per svolgere il loro incarico presso la nostra organizzazione, previo nostra lettera di incarico che imponga il dovere di riservatezza e sicurezza. Il Titolare del trattamento non trasferisce i dati personali in paesi terzi o a organizzazioni internazionali. Tuttavia, si riserva la possibilit\u00e0 di utilizzare servizi in cloud; nel qual caso, i fornitori dei servizi saranno selezionati tra coloro che forniscono garanzie adeguate, cos\u00ec come previsto dall\u2019art. 46 GDPR 679\/16.<\/p>\n\n\n\n<p>PERIODO DI CONSERVAZIONE:<\/p>\n\n\n\n<p>&#8211; I dati vengono trattati per tutta la durata del rapporto contrattuale ed anche successivamente, per esigenze contrattuali e connessi adempimenti di obblighi legali e fiscali, e per un\u2019efficace gestione dei rapporti finanziari e commerciali. Il Titolare tratter\u00e0 i dati personali per il tempo necessario per adempiere alle finalit\u00e0 di cui sopra e comunque per non oltre 10 anni dalla cessazione del rapporto per le Finalit\u00e0 di Servizio.<\/p>\n\n\n\n<p>DIRITTI DELL\u2019INTERESSATO:<\/p>\n\n\n\n<p>&#8211; Ai sensi del Regolamento UE 2016\/679 in qualit\u00e0 di interessato Lei ha il diritto di:A). Chiedere al Titolare l\u2019accesso alle informazioni trattate (art. 15 del Regolamento UE 2016\/679);<br>B). Chiedere la rettifica dei dati personali inesatti che la riguardano e\/o l\u2019integrazione dei dati personali incompleti (art. 16 del Regolamento UE 2016\/679);<br>C). Chiedere la cancellazione dei dati personali solo se: non sono pi\u00f9 necessari rispetto alle finalit\u00e0 per le quali sono stati raccolti o altrimenti trattati; sono trattati illecitamente o devono essere cancellati per adempiere un obbligo previsto dal diritto dell\u2019UE o dalla normativa nazionale (art. 17 del Regolamento UE 2016\/679);<br>D). Chiedere la limitazione del trattamento quando ricorre una delle seguenti ipotesi: l\u2019interessato contesta l\u2019esattezza dei dati personali e chiede la limitazione per il tempo necessario al titolare per verificare l\u2019esattezza dei dati personali; il trattamento \u00e8 illecito e l\u2019interessato si oppone alla cancellazione dei dati e chiede invece che ne sia limitato l\u2019uso, bench\u00e9 il titolare non ne abbia pi\u00f9 bisogno ai fini del trattamento, i dati personali sono necessari all\u2019interessato per l\u2019accertamento, l\u2019esercizio o la difesa di un diritto in sede giudiziaria (art. 18 del Regolamento UE 2016\/679).<br>E). Ricevere i propri Dati o farli trasferire ad altro titolare (diritto di portabilit\u00e0 &#8211; art. 17 del Regolamento UE 2016\/679). L\u2019Utente ha diritto di ricevere i propri Dati in formato strutturato, di uso comune e leggibile da dispositivo automatico e, ove tecnicamente fattibile, di ottenerne il trasferimento senza ostacoli ad un altro titolare. Questa disposizione \u00e8 applicabile quando i Dati sono trattati con strumenti automatizzati ed il trattamento \u00e8 basato sul consenso dell\u2019Utente, su un contratto di cui l\u2019Utente \u00e8 parte o su misure contrattuali ad esso connesse.<br>F). Ha altres\u00ec il diritto di proporre reclamo a un\u2019autorit\u00e0 di controllo qualora ritenga che il trattamento che lo riguarda violi il Regolamento UE 2016\/679. Il reclamo pu\u00f2 essere proposto all\u2019autorit\u00e0 di controllo dello Stato membro in cui l\u2019interessato risiede abitualmente oppure lavora oppure del luogo ove si \u00e8 verificata la presunta violazione (art. 77 del Regolamento UE 2016\/679).<\/p>\n\n\n\n<p>La informiamo che potr\u00e0 esercitare i diritti sopra indicati scrivendo a info@assistenza-pc24h.it oppure indirizzando la lettera a Gaetani Liseo Francesco, Via Pisa 23 \u2013 10098 Rivoli<\/p>\n\n\n\n<p>RIFIUTO AL CONFERIMENTO DEI DATI:<\/p>\n\n\n\n<p>&#8211; Per quanto concerne i dati che siamo obbligati a conoscere, al fine di adempiere agli obblighi previsti da leggi, il loro mancato conferimento da parte Vostra comporta l\u2019impossibilit\u00e0 di instaurare o proseguire il rapporto, nei limiti in cui tali dati sono necessari all\u2019esecuzione dello stesso.<\/p>\n\n\n\n<h4 class=\"wp-block-heading\">Riferimenti legali<\/h4>\n\n\n\n<p>Questa informativa privacy riguarda esclusivamente questo sito internet e i dati da voi comunicati al momento della vostra richiesta tecnica.<\/p>\n\n\n\n<p>Ultima modifica: 25 maggio 2019<\/p>\n","protected":false},"excerpt":{"rendered":"<p>INFORMATIVA IN MERITO AL TRATTAMENTO DEI DATI PERSONALI Ai sensi del D.Lgs. 196\/2003 e del Regolamento UE 679\/2016 INFORMATIVA TRATTAMENTO DATI PERSONALI &#8211; CLIENTI Ai sensi del D.Lgs. 196\/2003 e del Regolamento UE 679\/2016 desideriamo informarLa che il trattamento dei &hellip; <a href=\"https:\/\/www.assistenza-pc24h.it\/index.php\/gdpr-art-13-ue-679-2016\/\">Continua<\/a><\/p>\n","protected":false},"author":1,"featured_media":0,"parent":0,"menu_order":0,"comment_status":"closed","ping_status":"closed","template":"page-fullwidth.php","meta":{"kt_blocks_editor_width":"","footnotes":""},"class_list":["post-343","page","type-page","status-publish","hentry"],"yoast_head":"<!-- This site is optimized with the Yoast SEO plugin v27.6 - https:\/\/yoast.com\/product\/yoast-seo-wordpress\/ -->\r\n<title>GDPR Art.13 UE 679\/2016 - Assistenza Pc24h<\/title>\r\n<meta name=\"robots\" content=\"index, follow, max-snippet:-1, max-image-preview:large, max-video-preview:-1\" \/>\r\n<link rel=\"canonical\" href=\"https:\/\/www.assistenza-pc24h.it\/index.php\/gdpr-art-13-ue-679-2016\/\" \/>\r\n<meta property=\"og:locale\" content=\"it_IT\" \/>\r\n<meta property=\"og:type\" content=\"article\" \/>\r\n<meta property=\"og:title\" content=\"GDPR Art.13 UE 679\/2016 - Assistenza Pc24h\" \/>\r\n<meta property=\"og:description\" content=\"INFORMATIVA IN MERITO AL TRATTAMENTO DEI DATI PERSONALI Ai sensi del D.Lgs. 196\/2003 e del Regolamento UE 679\/2016 INFORMATIVA TRATTAMENTO DATI PERSONALI &#8211; CLIENTI Ai sensi del D.Lgs. 196\/2003 e del Regolamento UE 679\/2016 desideriamo informarLa che il trattamento dei &hellip; Continua\" \/>\r\n<meta property=\"og:url\" content=\"https:\/\/www.assistenza-pc24h.it\/index.php\/gdpr-art-13-ue-679-2016\/\" \/>\r\n<meta property=\"og:site_name\" content=\"Assistenza Pc24h\" \/>\r\n<meta property=\"article:modified_time\" content=\"2020-01-07T15:01:48+00:00\" \/>\r\n<meta name=\"twitter:card\" content=\"summary_large_image\" \/>\r\n<meta name=\"twitter:label1\" content=\"Tempo di lettura stimato\" \/>\n\t<meta name=\"twitter:data1\" content=\"5 minuti\" \/>\r\n<script type=\"application\/ld+json\" class=\"yoast-schema-graph\">{\"@context\":\"https:\\\/\\\/schema.org\",\"@graph\":[{\"@type\":\"WebPage\",\"@id\":\"https:\\\/\\\/www.assistenza-pc24h.it\\\/index.php\\\/gdpr-art-13-ue-679-2016\\\/\",\"url\":\"https:\\\/\\\/www.assistenza-pc24h.it\\\/index.php\\\/gdpr-art-13-ue-679-2016\\\/\",\"name\":\"GDPR Art.13 UE 679\\\/2016 - Assistenza Pc24h\",\"isPartOf\":{\"@id\":\"https:\\\/\\\/www.assistenza-pc24h.it\\\/#website\"},\"datePublished\":\"2020-01-07T15:01:47+00:00\",\"dateModified\":\"2020-01-07T15:01:48+00:00\",\"breadcrumb\":{\"@id\":\"https:\\\/\\\/www.assistenza-pc24h.it\\\/index.php\\\/gdpr-art-13-ue-679-2016\\\/#breadcrumb\"},\"inLanguage\":\"it-IT\",\"potentialAction\":[{\"@type\":\"ReadAction\",\"target\":[\"https:\\\/\\\/www.assistenza-pc24h.it\\\/index.php\\\/gdpr-art-13-ue-679-2016\\\/\"]}]},{\"@type\":\"BreadcrumbList\",\"@id\":\"https:\\\/\\\/www.assistenza-pc24h.it\\\/index.php\\\/gdpr-art-13-ue-679-2016\\\/#breadcrumb\",\"itemListElement\":[{\"@type\":\"ListItem\",\"position\":1,\"name\":\"Home\",\"item\":\"https:\\\/\\\/www.assistenza-pc24h.it\\\/\"},{\"@type\":\"ListItem\",\"position\":2,\"name\":\"GDPR Art.13 UE 679\\\/2016\"}]},{\"@type\":\"WebSite\",\"@id\":\"https:\\\/\\\/www.assistenza-pc24h.it\\\/#website\",\"url\":\"https:\\\/\\\/www.assistenza-pc24h.it\\\/\",\"name\":\"Assistenza Pc24h\",\"description\":\"Consulenza informatica a 360\u00b0\",\"potentialAction\":[{\"@type\":\"SearchAction\",\"target\":{\"@type\":\"EntryPoint\",\"urlTemplate\":\"https:\\\/\\\/www.assistenza-pc24h.it\\\/?s={search_term_string}\"},\"query-input\":{\"@type\":\"PropertyValueSpecification\",\"valueRequired\":true,\"valueName\":\"search_term_string\"}}],\"inLanguage\":\"it-IT\"}]}<\/script>\r\n<!-- \/ Yoast SEO plugin. -->","yoast_head_json":{"title":"GDPR Art.13 UE 679\/2016 - Assistenza Pc24h","robots":{"index":"index","follow":"follow","max-snippet":"max-snippet:-1","max-image-preview":"max-image-preview:large","max-video-preview":"max-video-preview:-1"},"canonical":"https:\/\/www.assistenza-pc24h.it\/index.php\/gdpr-art-13-ue-679-2016\/","og_locale":"it_IT","og_type":"article","og_title":"GDPR Art.13 UE 679\/2016 - Assistenza Pc24h","og_description":"INFORMATIVA IN MERITO AL TRATTAMENTO DEI DATI PERSONALI Ai sensi del D.Lgs. 196\/2003 e del Regolamento UE 679\/2016 INFORMATIVA TRATTAMENTO DATI PERSONALI &#8211; CLIENTI Ai sensi del D.Lgs. 196\/2003 e del Regolamento UE 679\/2016 desideriamo informarLa che il trattamento dei &hellip; Continua","og_url":"https:\/\/www.assistenza-pc24h.it\/index.php\/gdpr-art-13-ue-679-2016\/","og_site_name":"Assistenza Pc24h","article_modified_time":"2020-01-07T15:01:48+00:00","twitter_card":"summary_large_image","twitter_misc":{"Tempo di lettura stimato":"5 minuti"},"schema":{"@context":"https:\/\/schema.org","@graph":[{"@type":"WebPage","@id":"https:\/\/www.assistenza-pc24h.it\/index.php\/gdpr-art-13-ue-679-2016\/","url":"https:\/\/www.assistenza-pc24h.it\/index.php\/gdpr-art-13-ue-679-2016\/","name":"GDPR Art.13 UE 679\/2016 - Assistenza Pc24h","isPartOf":{"@id":"https:\/\/www.assistenza-pc24h.it\/#website"},"datePublished":"2020-01-07T15:01:47+00:00","dateModified":"2020-01-07T15:01:48+00:00","breadcrumb":{"@id":"https:\/\/www.assistenza-pc24h.it\/index.php\/gdpr-art-13-ue-679-2016\/#breadcrumb"},"inLanguage":"it-IT","potentialAction":[{"@type":"ReadAction","target":["https:\/\/www.assistenza-pc24h.it\/index.php\/gdpr-art-13-ue-679-2016\/"]}]},{"@type":"BreadcrumbList","@id":"https:\/\/www.assistenza-pc24h.it\/index.php\/gdpr-art-13-ue-679-2016\/#breadcrumb","itemListElement":[{"@type":"ListItem","position":1,"name":"Home","item":"https:\/\/www.assistenza-pc24h.it\/"},{"@type":"ListItem","position":2,"name":"GDPR Art.13 UE 679\/2016"}]},{"@type":"WebSite","@id":"https:\/\/www.assistenza-pc24h.it\/#website","url":"https:\/\/www.assistenza-pc24h.it\/","name":"Assistenza Pc24h","description":"Consulenza informatica a 360\u00b0","potentialAction":[{"@type":"SearchAction","target":{"@type":"EntryPoint","urlTemplate":"https:\/\/www.assistenza-pc24h.it\/?s={search_term_string}"},"query-input":{"@type":"PropertyValueSpecification","valueRequired":true,"valueName":"search_term_string"}}],"inLanguage":"it-IT"}]}},"_links":{"self":[{"href":"https:\/\/www.assistenza-pc24h.it\/index.php\/wp-json\/wp\/v2\/pages\/343","targetHints":{"allow":["GET"]}}],"collection":[{"href":"https:\/\/www.assistenza-pc24h.it\/index.php\/wp-json\/wp\/v2\/pages"}],"about":[{"href":"https:\/\/www.assistenza-pc24h.it\/index.php\/wp-json\/wp\/v2\/types\/page"}],"author":[{"embeddable":true,"href":"https:\/\/www.assistenza-pc24h.it\/index.php\/wp-json\/wp\/v2\/users\/1"}],"replies":[{"embeddable":true,"href":"https:\/\/www.assistenza-pc24h.it\/index.php\/wp-json\/wp\/v2\/comments?post=343"}],"version-history":[{"count":1,"href":"https:\/\/www.assistenza-pc24h.it\/index.php\/wp-json\/wp\/v2\/pages\/343\/revisions"}],"predecessor-version":[{"id":345,"href":"https:\/\/www.assistenza-pc24h.it\/index.php\/wp-json\/wp\/v2\/pages\/343\/revisions\/345"}],"wp:attachment":[{"href":"https:\/\/www.assistenza-pc24h.it\/index.php\/wp-json\/wp\/v2\/media?parent=343"}],"curies":[{"name":"wp","href":"https:\/\/api.w.org\/{rel}","templated":true}]}}