{"id":13,"date":"2020-01-05T12:00:27","date_gmt":"2020-01-05T11:00:27","guid":{"rendered":"http:\/\/www.assistenza-pc24h.it\/?page_id=13"},"modified":"2022-11-01T22:47:32","modified_gmt":"2022-11-01T21:47:32","slug":"certificazioni","status":"publish","type":"page","link":"https:\/\/www.assistenza-pc24h.it\/index.php\/certificazioni\/","title":{"rendered":"Certificazioni"},"content":{"rendered":"<style>#kt-info-box_15ccb6-33 .kt-blocks-info-box-link-wrap{border-color:#2d5c88;border-top-width:0px;border-right-width:0px;border-bottom-width:0px;border-left-width:0px;max-width:800px;padding-top:0px;padding-right:0px;padding-bottom:0px;padding-left:0px;}#kt-info-box_15ccb6-33 .kt-blocks-info-box-link-wrap:hover{border-color:#f7903b;}#kt-info-box_15ccb6-33 .kt-info-svg-icon, #kt-info-box_15ccb6-33 .kt-info-svg-icon-flip, #kt-info-box_15ccb6-33 .kt-blocks-info-box-number{font-size:65px;}#kt-info-box_15ccb6-33 .kt-blocks-info-box-media{color:#2d5c88;border-top-width:0px;border-right-width:0px;border-bottom-width:0px;border-left-width:0px;padding-top:0px;padding-right:0px;padding-bottom:0px;padding-left:0px;}#kt-info-box_15ccb6-33 .kt-blocks-info-box-media-container{margin-top:0px;margin-right:0px;margin-bottom:0px;margin-left:0px;}#kt-info-box_15ccb6-33 .kt-blocks-info-box-link-wrap:hover .kt-blocks-info-box-media{color:#f7903b;}#kt-info-box_15ccb6-33 .kt-blocks-info-box-link-wrap .kt-blocks-info-box-media{border-width:0px;box-shadow:inset 0 0 0 0px #444444;}#kt-info-box_15ccb6-33 .kt-blocks-info-box-link-wrap .kt-blocks-info-box-media:before{border-width:0px;}#kt-info-box_15ccb6-33 .kt-blocks-info-box-link-wrap:hover .kt-blocks-info-box-media:after{border-right-color:#444444;border-right-width:0px;border-top-width:0px;border-bottom-width:0px;}#kt-info-box_15ccb6-33 .kt-blocks-info-box-link-wrap:hover .kt-blocks-info-box-media:before{border-top-color:#444444;border-right-color:#444444;border-bottom-color:#444444;}#kt-info-box_15ccb6-33 .kt-infobox-textcontent h4.kt-blocks-info-box-title{font-size:20px;line-height:30px;font-style:normal;font-weight:normal;padding-top:0px;padding-right:0px;padding-bottom:0px;padding-left:0px;margin-top:5px;margin-right:5px;margin-bottom:5px;margin-left:5px;}#kt-info-box_15ccb6-33 h4.kt-blocks-info-box-title{min-height:80px;}#kt-info-box_15ccb6-33 .kt-infobox-textcontent .kt-blocks-info-box-text{color:#2d5c88;}#kt-info-box_15ccb6-33 .kt-blocks-info-box-learnmore{background:transparent;border-color:#555555;border-width:0px 0px 0px 0px;padding-top:4px;padding-right:8px;padding-bottom:4px;padding-left:8px;margin:10px 0px 10px 0px;}#kt-info-box_15ccb6-33 .kt-blocks-info-box-link-wrap:hover .kt-blocks-info-box-learnmore{color:#ffffff;background:#444444;border-color:#444444;}<\/style>\n<div id=\"kt-info-box_15ccb6-33\" class=\"wp-block-kadence-infobox\"><a class=\"kt-blocks-info-box-link-wrap info-box-link kt-blocks-info-box-media-align-top kt-info-halign-center\"><div class=\"kt-blocks-info-box-media-container\"><div class=\"kt-blocks-info-box-media kt-info-media-animate-drawborder\"><div class=\"kadence-info-box-icon-container kt-info-icon-animate-drawborder\"><div class=\"kadence-info-box-icon-inner-container\"><span style=\"display:block;justify-content:center;align-items:center\" class=\"kt-info-svg-icon kt-info-svg-icon-ic_monitor\"><svg style=\"display:inline-block;vertical-align:middle\" viewBox=\"0 0 8 8\" height=\"65\" width=\"65\" fill=\"currentColor\" xmlns=\"http:\/\/www.w3.org\/2000\/svg\" aria-hidden=\"true\"><path d=\"M.34 0a.5.5 0 0 0-.34.5v5a.5.5 0 0 0 .5.5h2.5v1h-1c-.55 0-1 .45-1 1h6c0-.55-.45-1-1-1h-1v-1h2.5a.5.5 0 0 0 .5-.5v-5a.5.5 0 0 0-.5-.5h-7a.5.5 0 0 0-.09 0 .5.5 0 0 0-.06 0zm.66 1h6v4h-6v-4z\"><\/path><\/svg><\/span><\/div><\/div><\/div><\/div><div class=\"kt-infobox-textcontent\"><h4 class=\"kt-blocks-info-box-title\"><strong> Leader nell&#8217;assistenza informatica. <br\/>Trasparenza, Professionalit\u00e0, Qualit\u00e0 al vostro servizio.  <\/strong><\/h4><\/div><\/a><\/div>\n\n\n\n<br><br>\n\n\n\n<p>Lavoriamo costantemente per garantire ed offrire un servizio di alta qualit\u00e0 e professionalit\u00e0. Il nostro obbiettivo e il cercare continuamente di mantenere aggiornate le nostre competenze con corsi di qualificazione, di specializzazione, di certificazione e formazione continua, requisito fondamentale per un servizio impeccabile. Essere sempre aggiornati sulle nuove tecnologie, le procedure pi\u00f9 complete di risoluzioni problemi \u00e8 una priorit\u00e0 in questo mondo in continua evoluzione. Le nostre certificazioni sono in continuo aggiornamento.<\/p>\n\n\n\n<p> <\/p>\n\n\n\n<br><br>\n\n\n<style>.wp-block-kadence-advancedgallery.kb-gallery-wrap-id-_0adfca-59{margin-top:10px;margin-right:10px;margin-bottom:10px;margin-left:10px;}.kb-gallery-type-fluidcarousel.kb-gallery-id-_0adfca-59 .kt-blocks-carousel .kt-blocks-carousel-init .kb-slide-item{padding:4px 12px;}.kb-gallery-type-fluidcarousel.kb-gallery-id-_0adfca-59 .kt-blocks-carousel .kt-blocks-carousel-init.kb-carousel-mode-align-left .kb-slide-item{padding:4px 24px 4px 0;}.kb-gallery-id-_0adfca-59.kb-gallery-ul.kb-gallery-type-fluidcarousel .kt-blocks-carousel figure .kb-gal-image-radius, .kb-gallery-id-_0adfca-59.kb-gallery-ul.kb-gallery-type-fluidcarousel .kt-blocks-carousel figure .kb-gal-image-radius img{height:350px;}.kb-gallery-id-_0adfca-59 .kadence-blocks-gallery-item .kb-gal-image-radius{border-radius:29px 29px 29px 29px;}<\/style>\n<div class=\"wp-block-kadence-advancedgallery kb-gallery-wrap-id-_0adfca-59\"><div class=\"kb-gallery-ul kb-gallery-type-fluidcarousel kb-gallery-id-_0adfca-59 kb-gallery-caption-style-bottom-hover kb-gallery-filter-none\" data-image-filter=\"none\" data-lightbox-caption=\"true\"><div class=\"kt-blocks-carousel kt-carousel-container-dotstyle-dark\"><div class=\"kt-blocks-carousel-init kb-blocks-fluid-carousel kt-carousel-arrowstyle-whiteondark kt-carousel-dotstyle-dark\" data-slider-anim-speed=\"1000\" data-slider-type=\"fluidcarousel\" data-slider-scroll=\"1\" data-slider-arrows=\"true\" data-slider-dots=\"true\" data-slider-hover-pause=\"false\" data-slider-auto=\"true\" data-slider-speed=\"8000\"><div class=\"kb-slide-item kb-gallery-carousel-item\"><div class=\"kadence-blocks-gallery-item\"><div class=\"kadence-blocks-gallery-item-inner\"><figure class=\"kb-gallery-figure kadence-blocks-gallery-item-hide-caption\"><div class=\"kb-gal-image-radius\"><div class=\"kb-gallery-image-contain\"><img decoding=\"async\" loading=\"lazy\" src=\"https:\/\/www.assistenza-pc24h.it\/wp-content\/uploads\/2-768x546.jpg\" width=\"768\" height=\"546\" data-full-image=\"https:\/\/www.assistenza-pc24h.it\/wp-content\/uploads\/2.jpg\" data-light-image=\"https:\/\/www.assistenza-pc24h.it\/wp-content\/uploads\/2.jpg\" data-id=\"724\" data-link=\"https:\/\/www.assistenza-pc24h.it\/index.php\/certificazioni\/2-2\/\" data-custom-link=\"\" data-custom-link-target=\"\" data-sponsored=\"\" class=\"wp-image-724 skip-lazy\" srcset=\"https:\/\/www.assistenza-pc24h.it\/wp-content\/uploads\/2-768x546.jpg 768w, https:\/\/www.assistenza-pc24h.it\/wp-content\/uploads\/2-800x569.jpg 800w, https:\/\/www.assistenza-pc24h.it\/wp-content\/uploads\/2.jpg 1102w\" sizes=\"(max-width: 768px) 100vw, 768px\" \/><\/div><\/div><\/figure><\/div><\/div><\/div><div class=\"kb-slide-item kb-gallery-carousel-item\"><div class=\"kadence-blocks-gallery-item\"><div class=\"kadence-blocks-gallery-item-inner\"><figure class=\"kb-gallery-figure kadence-blocks-gallery-item-hide-caption\"><div class=\"kb-gal-image-radius\"><div class=\"kb-gallery-image-contain\"><img decoding=\"async\" loading=\"lazy\" src=\"https:\/\/www.assistenza-pc24h.it\/wp-content\/uploads\/1-1-768x543.png\" width=\"768\" height=\"543\" data-full-image=\"https:\/\/www.assistenza-pc24h.it\/wp-content\/uploads\/1-1.png\" data-light-image=\"https:\/\/www.assistenza-pc24h.it\/wp-content\/uploads\/1-1.png\" data-id=\"723\" data-link=\"https:\/\/www.assistenza-pc24h.it\/index.php\/certificazioni\/1-2\/\" data-custom-link=\"\" data-custom-link-target=\"\" data-sponsored=\"\" class=\"wp-image-723 skip-lazy\" srcset=\"https:\/\/www.assistenza-pc24h.it\/wp-content\/uploads\/1-1-768x543.png 768w, https:\/\/www.assistenza-pc24h.it\/wp-content\/uploads\/1-1-800x565.png 800w, https:\/\/www.assistenza-pc24h.it\/wp-content\/uploads\/1-1.png 1220w\" sizes=\"(max-width: 768px) 100vw, 768px\" \/><\/div><\/div><\/figure><\/div><\/div><\/div><div class=\"kb-slide-item kb-gallery-carousel-item\"><div class=\"kadence-blocks-gallery-item\"><div class=\"kadence-blocks-gallery-item-inner\"><figure class=\"kb-gallery-figure kadence-blocks-gallery-item-hide-caption\"><div class=\"kb-gal-image-radius\"><div class=\"kb-gallery-image-contain\"><img decoding=\"async\" loading=\"lazy\" src=\"https:\/\/www.assistenza-pc24h.it\/wp-content\/uploads\/3-1-768x542.png\" width=\"768\" height=\"542\" data-full-image=\"https:\/\/www.assistenza-pc24h.it\/wp-content\/uploads\/3-1.png\" data-light-image=\"https:\/\/www.assistenza-pc24h.it\/wp-content\/uploads\/3-1.png\" data-id=\"725\" data-link=\"https:\/\/www.assistenza-pc24h.it\/index.php\/certificazioni\/3-2\/\" data-custom-link=\"\" data-custom-link-target=\"\" data-sponsored=\"\" class=\"wp-image-725 skip-lazy\" srcset=\"https:\/\/www.assistenza-pc24h.it\/wp-content\/uploads\/3-1-768x542.png 768w, https:\/\/www.assistenza-pc24h.it\/wp-content\/uploads\/3-1-800x565.png 800w, https:\/\/www.assistenza-pc24h.it\/wp-content\/uploads\/3-1.png 1228w\" sizes=\"(max-width: 768px) 100vw, 768px\" \/><\/div><\/div><\/figure><\/div><\/div><\/div><div class=\"kb-slide-item kb-gallery-carousel-item\"><div class=\"kadence-blocks-gallery-item\"><div class=\"kadence-blocks-gallery-item-inner\"><figure class=\"kb-gallery-figure kadence-blocks-gallery-item-hide-caption\"><div class=\"kb-gal-image-radius\"><div class=\"kb-gallery-image-contain\"><img decoding=\"async\" loading=\"lazy\" src=\"https:\/\/www.assistenza-pc24h.it\/wp-content\/uploads\/4-1-768x540.png\" width=\"768\" height=\"540\" data-full-image=\"https:\/\/www.assistenza-pc24h.it\/wp-content\/uploads\/4-1.png\" data-light-image=\"https:\/\/www.assistenza-pc24h.it\/wp-content\/uploads\/4-1.png\" data-id=\"726\" data-link=\"https:\/\/www.assistenza-pc24h.it\/index.php\/certificazioni\/4-2\/\" data-custom-link=\"\" data-custom-link-target=\"\" data-sponsored=\"\" class=\"wp-image-726 skip-lazy\" srcset=\"https:\/\/www.assistenza-pc24h.it\/wp-content\/uploads\/4-1-768x540.png 768w, https:\/\/www.assistenza-pc24h.it\/wp-content\/uploads\/4-1-800x563.png 800w, https:\/\/www.assistenza-pc24h.it\/wp-content\/uploads\/4-1.png 1232w\" sizes=\"(max-width: 768px) 100vw, 768px\" \/><\/div><\/div><\/figure><\/div><\/div><\/div><div class=\"kb-slide-item kb-gallery-carousel-item\"><div class=\"kadence-blocks-gallery-item\"><div class=\"kadence-blocks-gallery-item-inner\"><figure class=\"kb-gallery-figure kadence-blocks-gallery-item-hide-caption\"><div class=\"kb-gal-image-radius\"><div class=\"kb-gallery-image-contain\"><img decoding=\"async\" loading=\"lazy\" src=\"https:\/\/www.assistenza-pc24h.it\/wp-content\/uploads\/5-768x538.jpg\" width=\"768\" height=\"538\" data-full-image=\"https:\/\/www.assistenza-pc24h.it\/wp-content\/uploads\/5.jpg\" data-light-image=\"https:\/\/www.assistenza-pc24h.it\/wp-content\/uploads\/5.jpg\" data-id=\"727\" data-link=\"https:\/\/www.assistenza-pc24h.it\/index.php\/certificazioni\/attachment\/5\/\" data-custom-link=\"\" data-custom-link-target=\"\" data-sponsored=\"\" class=\"wp-image-727 skip-lazy\" srcset=\"https:\/\/www.assistenza-pc24h.it\/wp-content\/uploads\/5-768x538.jpg 768w, https:\/\/www.assistenza-pc24h.it\/wp-content\/uploads\/5-800x560.jpg 800w, https:\/\/www.assistenza-pc24h.it\/wp-content\/uploads\/5.jpg 1102w\" sizes=\"(max-width: 768px) 100vw, 768px\" \/><\/div><\/div><\/figure><\/div><\/div><\/div><div class=\"kb-slide-item kb-gallery-carousel-item\"><div class=\"kadence-blocks-gallery-item\"><div class=\"kadence-blocks-gallery-item-inner\"><figure class=\"kb-gallery-figure kadence-blocks-gallery-item-hide-caption\"><div class=\"kb-gal-image-radius\"><div class=\"kb-gallery-image-contain\"><img decoding=\"async\" loading=\"lazy\" src=\"https:\/\/www.assistenza-pc24h.it\/wp-content\/uploads\/6-768x544.png\" width=\"768\" height=\"544\" data-full-image=\"https:\/\/www.assistenza-pc24h.it\/wp-content\/uploads\/6.png\" data-light-image=\"https:\/\/www.assistenza-pc24h.it\/wp-content\/uploads\/6.png\" data-id=\"728\" data-link=\"https:\/\/www.assistenza-pc24h.it\/index.php\/certificazioni\/attachment\/6\/\" data-custom-link=\"\" data-custom-link-target=\"\" data-sponsored=\"\" class=\"wp-image-728 skip-lazy\" srcset=\"https:\/\/www.assistenza-pc24h.it\/wp-content\/uploads\/6-768x544.png 768w, https:\/\/www.assistenza-pc24h.it\/wp-content\/uploads\/6-800x567.png 800w, https:\/\/www.assistenza-pc24h.it\/wp-content\/uploads\/6.png 1222w\" sizes=\"(max-width: 768px) 100vw, 768px\" \/><\/div><\/div><\/figure><\/div><\/div><\/div><div class=\"kb-slide-item kb-gallery-carousel-item\"><div class=\"kadence-blocks-gallery-item\"><div class=\"kadence-blocks-gallery-item-inner\"><figure class=\"kb-gallery-figure kadence-blocks-gallery-item-hide-caption\"><div class=\"kb-gal-image-radius\"><div class=\"kb-gallery-image-contain\"><img decoding=\"async\" loading=\"lazy\" src=\"https:\/\/www.assistenza-pc24h.it\/wp-content\/uploads\/7-768x546.png\" width=\"768\" height=\"546\" data-full-image=\"https:\/\/www.assistenza-pc24h.it\/wp-content\/uploads\/7.png\" data-light-image=\"https:\/\/www.assistenza-pc24h.it\/wp-content\/uploads\/7.png\" data-id=\"729\" data-link=\"https:\/\/www.assistenza-pc24h.it\/index.php\/certificazioni\/attachment\/7\/\" data-custom-link=\"\" data-custom-link-target=\"\" data-sponsored=\"\" class=\"wp-image-729 skip-lazy\" srcset=\"https:\/\/www.assistenza-pc24h.it\/wp-content\/uploads\/7-768x546.png 768w, https:\/\/www.assistenza-pc24h.it\/wp-content\/uploads\/7-800x568.png 800w, https:\/\/www.assistenza-pc24h.it\/wp-content\/uploads\/7-1280x909.png 1280w, https:\/\/www.assistenza-pc24h.it\/wp-content\/uploads\/7.png 1292w\" sizes=\"(max-width: 768px) 100vw, 768px\" \/><\/div><\/div><\/figure><\/div><\/div><\/div><div class=\"kb-slide-item kb-gallery-carousel-item\"><div class=\"kadence-blocks-gallery-item\"><div class=\"kadence-blocks-gallery-item-inner\"><figure class=\"kb-gallery-figure kadence-blocks-gallery-item-hide-caption\"><div class=\"kb-gal-image-radius\"><div class=\"kb-gallery-image-contain\"><img decoding=\"async\" loading=\"lazy\" src=\"https:\/\/www.assistenza-pc24h.it\/wp-content\/uploads\/9.png\" width=\"636\" height=\"842\" data-full-image=\"https:\/\/www.assistenza-pc24h.it\/wp-content\/uploads\/9.png\" data-light-image=\"https:\/\/www.assistenza-pc24h.it\/wp-content\/uploads\/9.png\" data-id=\"731\" data-link=\"https:\/\/www.assistenza-pc24h.it\/index.php\/certificazioni\/attachment\/9\/\" data-custom-link=\"\" data-custom-link-target=\"\" data-sponsored=\"\" class=\"wp-image-731 skip-lazy\" srcset=\"https:\/\/www.assistenza-pc24h.it\/wp-content\/uploads\/9.png 636w, https:\/\/www.assistenza-pc24h.it\/wp-content\/uploads\/9-453x600.png 453w\" sizes=\"(max-width: 636px) 100vw, 636px\" \/><\/div><\/div><\/figure><\/div><\/div><\/div><div class=\"kb-slide-item kb-gallery-carousel-item\"><div class=\"kadence-blocks-gallery-item\"><div class=\"kadence-blocks-gallery-item-inner\"><figure class=\"kb-gallery-figure kadence-blocks-gallery-item-hide-caption\"><div class=\"kb-gal-image-radius\"><div class=\"kb-gallery-image-contain\"><img decoding=\"async\" loading=\"lazy\" src=\"https:\/\/www.assistenza-pc24h.it\/wp-content\/uploads\/8-768x540.png\" width=\"768\" height=\"540\" data-full-image=\"https:\/\/www.assistenza-pc24h.it\/wp-content\/uploads\/8.png\" data-light-image=\"https:\/\/www.assistenza-pc24h.it\/wp-content\/uploads\/8.png\" data-id=\"730\" data-link=\"https:\/\/www.assistenza-pc24h.it\/index.php\/certificazioni\/attachment\/8\/\" data-custom-link=\"\" data-custom-link-target=\"\" data-sponsored=\"\" class=\"wp-image-730 skip-lazy\" srcset=\"https:\/\/www.assistenza-pc24h.it\/wp-content\/uploads\/8-768x540.png 768w, https:\/\/www.assistenza-pc24h.it\/wp-content\/uploads\/8-800x563.png 800w, https:\/\/www.assistenza-pc24h.it\/wp-content\/uploads\/8-1280x900.png 1280w, https:\/\/www.assistenza-pc24h.it\/wp-content\/uploads\/8.png 1297w\" sizes=\"(max-width: 768px) 100vw, 768px\" \/><\/div><\/div><\/figure><\/div><\/div><\/div><div class=\"kb-slide-item kb-gallery-carousel-item\"><div class=\"kadence-blocks-gallery-item\"><div class=\"kadence-blocks-gallery-item-inner\"><figure class=\"kb-gallery-figure kadence-blocks-gallery-item-hide-caption\"><div class=\"kb-gal-image-radius\"><div class=\"kb-gallery-image-contain\"><img decoding=\"async\" loading=\"lazy\" src=\"https:\/\/www.assistenza-pc24h.it\/wp-content\/uploads\/virtuale.jpg\" width=\"674\" height=\"843\" data-full-image=\"https:\/\/www.assistenza-pc24h.it\/wp-content\/uploads\/virtuale.jpg\" data-light-image=\"https:\/\/www.assistenza-pc24h.it\/wp-content\/uploads\/virtuale.jpg\" data-id=\"733\" data-link=\"https:\/\/www.assistenza-pc24h.it\/index.php\/certificazioni\/virtuale-2\/\" data-custom-link=\"\" data-custom-link-target=\"\" data-sponsored=\"\" class=\"wp-image-733 skip-lazy\" srcset=\"https:\/\/www.assistenza-pc24h.it\/wp-content\/uploads\/virtuale.jpg 674w, https:\/\/www.assistenza-pc24h.it\/wp-content\/uploads\/virtuale-480x600.jpg 480w\" sizes=\"(max-width: 674px) 100vw, 674px\" \/><\/div><\/div><\/figure><\/div><\/div><\/div><div class=\"kb-slide-item kb-gallery-carousel-item\"><div class=\"kadence-blocks-gallery-item\"><div class=\"kadence-blocks-gallery-item-inner\"><figure class=\"kb-gallery-figure kadence-blocks-gallery-item-hide-caption\"><div class=\"kb-gal-image-radius\"><div class=\"kb-gallery-image-contain\"><img decoding=\"async\" loading=\"lazy\" src=\"https:\/\/www.assistenza-pc24h.it\/wp-content\/uploads\/sistemista-Microsoft-Udemy.jpg\" width=\"1600\" height=\"1190\" data-full-image=\"https:\/\/www.assistenza-pc24h.it\/wp-content\/uploads\/sistemista-Microsoft-Udemy.jpg\" data-light-image=\"https:\/\/www.assistenza-pc24h.it\/wp-content\/uploads\/sistemista-Microsoft-Udemy.jpg\" data-id=\"770\" data-link=\"https:\/\/www.assistenza-pc24h.it\/index.php\/certificazioni\/sistemista-microsoft-udemy\/\" data-custom-link=\"\" data-custom-link-target=\"\" data-sponsored=\"\" class=\"wp-image-770 skip-lazy\" srcset=\"https:\/\/www.assistenza-pc24h.it\/wp-content\/uploads\/sistemista-Microsoft-Udemy.jpg 1600w, https:\/\/www.assistenza-pc24h.it\/wp-content\/uploads\/sistemista-Microsoft-Udemy-800x595.jpg 800w, https:\/\/www.assistenza-pc24h.it\/wp-content\/uploads\/sistemista-Microsoft-Udemy-1280x952.jpg 1280w, https:\/\/www.assistenza-pc24h.it\/wp-content\/uploads\/sistemista-Microsoft-Udemy-768x571.jpg 768w, https:\/\/www.assistenza-pc24h.it\/wp-content\/uploads\/sistemista-Microsoft-Udemy-1536x1142.jpg 1536w\" sizes=\"(max-width: 1600px) 100vw, 1600px\" \/><\/div><\/div><\/figure><\/div><\/div><\/div><\/div><\/div><\/div><\/div>\n\n\n\n<br><br>\n\n\n<style>.wp-block-kadence-advancedbtn.kb-btns_db1525-1e{gap:var(--global-kb-gap-xs, 0.5rem );justify-content:center;align-items:center;}.kt-btns_db1525-1e .kt-button{font-weight:normal;font-style:normal;}.kt-btns_db1525-1e .kt-btn-wrap-0{margin-right:5px;}.wp-block-kadence-advancedbtn.kt-btns_db1525-1e .kt-btn-wrap-0 .kt-button{color:#2d5c88;font-size:20px;border-color:#f7903b;border-style:solid;}.wp-block-kadence-advancedbtn.kt-btns_db1525-1e .kt-btn-wrap-0 .kt-button:hover, .wp-block-kadence-advancedbtn.kt-btns_db1525-1e .kt-btn-wrap-0 .kt-button:focus{color:#ffffff;border-color:#444444;}.wp-block-kadence-advancedbtn.kt-btns_db1525-1e .kt-btn-wrap-0 .kt-button::before{display:none;}.wp-block-kadence-advancedbtn.kt-btns_db1525-1e .kt-btn-wrap-0 .kt-button:hover, .wp-block-kadence-advancedbtn.kt-btns_db1525-1e .kt-btn-wrap-0 .kt-button:focus{background:#444444;}<\/style>\n<div class=\"wp-block-kadence-advancedbtn kt-btn-align-center kt-btn-tablet-align-inherit kt-btn-mobile-align-inherit kt-btns-wrap kt-btns_db1525-1e\"><div class=\"kt-btn-wrap kt-btn-wrap-0\"><a class=\"kt-button button kt-btn-0-action kt-btn-size-large kt-btn-style-basic kt-btn-svg-show-always kt-btn-has-text-true kt-btn-has-svg-false\" href=\"https:\/\/www.assistenza-pc24h.it\/index.php\/contattaci\/\" style=\"border-radius:5px;border-width:3px\"><span class=\"kt-btn-inner-text\">Contattaci per richiedere assistenza<\/span><\/a><\/div><\/div>\n","protected":false},"excerpt":{"rendered":"<p>Lavoriamo costantemente per garantire ed offrire un servizio di alta qualit\u00e0 e professionalit\u00e0. Il nostro obbiettivo e il cercare continuamente di mantenere aggiornate le nostre competenze con corsi di qualificazione, di specializzazione, di certificazione e formazione continua, requisito fondamentale per &hellip; <a href=\"https:\/\/www.assistenza-pc24h.it\/index.php\/certificazioni\/\">Continua<\/a><\/p>\n","protected":false},"author":1,"featured_media":0,"parent":0,"menu_order":0,"comment_status":"closed","ping_status":"closed","template":"page-sidebar.php","meta":{"kt_blocks_editor_width":""},"yoast_head":"<!-- This site is optimized with the Yoast SEO plugin v21.1 - https:\/\/yoast.com\/wordpress\/plugins\/seo\/ -->\r\n<title>Certificazioni - Assistenza Pc24h<\/title>\r\n<meta name=\"robots\" content=\"index, follow, max-snippet:-1, max-image-preview:large, max-video-preview:-1\" \/>\r\n<link rel=\"canonical\" href=\"https:\/\/www.assistenza-pc24h.it\/index.php\/certificazioni\/\" \/>\r\n<meta property=\"og:locale\" content=\"it_IT\" \/>\r\n<meta property=\"og:type\" content=\"article\" \/>\r\n<meta property=\"og:title\" content=\"Certificazioni - Assistenza Pc24h\" \/>\r\n<meta property=\"og:description\" content=\"Lavoriamo costantemente per garantire ed offrire un servizio di alta qualit\u00e0 e professionalit\u00e0. Il nostro obbiettivo e il cercare continuamente di mantenere aggiornate le nostre competenze con corsi di qualificazione, di specializzazione, di certificazione e formazione continua, requisito fondamentale per &hellip; Continua\" \/>\r\n<meta property=\"og:url\" content=\"https:\/\/www.assistenza-pc24h.it\/index.php\/certificazioni\/\" \/>\r\n<meta property=\"og:site_name\" content=\"Assistenza Pc24h\" \/>\r\n<meta property=\"article:modified_time\" content=\"2022-11-01T21:47:32+00:00\" \/>\r\n<meta property=\"og:image\" content=\"https:\/\/www.assistenza-pc24h.it\/wp-content\/uploads\/2-768x546.jpg\" \/>\r\n<meta name=\"twitter:card\" content=\"summary_large_image\" \/>\r\n<meta name=\"twitter:label1\" content=\"Tempo di lettura stimato\" \/>\n\t<meta name=\"twitter:data1\" content=\"3 minuti\" \/>\r\n<script type=\"application\/ld+json\" class=\"yoast-schema-graph\">{\"@context\":\"https:\/\/schema.org\",\"@graph\":[{\"@type\":\"WebPage\",\"@id\":\"https:\/\/www.assistenza-pc24h.it\/index.php\/certificazioni\/\",\"url\":\"https:\/\/www.assistenza-pc24h.it\/index.php\/certificazioni\/\",\"name\":\"Certificazioni - Assistenza Pc24h\",\"isPartOf\":{\"@id\":\"https:\/\/www.assistenza-pc24h.it\/#website\"},\"datePublished\":\"2020-01-05T11:00:27+00:00\",\"dateModified\":\"2022-11-01T21:47:32+00:00\",\"breadcrumb\":{\"@id\":\"https:\/\/www.assistenza-pc24h.it\/index.php\/certificazioni\/#breadcrumb\"},\"inLanguage\":\"it-IT\",\"potentialAction\":[{\"@type\":\"ReadAction\",\"target\":[\"https:\/\/www.assistenza-pc24h.it\/index.php\/certificazioni\/\"]}]},{\"@type\":\"BreadcrumbList\",\"@id\":\"https:\/\/www.assistenza-pc24h.it\/index.php\/certificazioni\/#breadcrumb\",\"itemListElement\":[{\"@type\":\"ListItem\",\"position\":1,\"name\":\"Home\",\"item\":\"https:\/\/www.assistenza-pc24h.it\/\"},{\"@type\":\"ListItem\",\"position\":2,\"name\":\"Certificazioni\"}]},{\"@type\":\"WebSite\",\"@id\":\"https:\/\/www.assistenza-pc24h.it\/#website\",\"url\":\"https:\/\/www.assistenza-pc24h.it\/\",\"name\":\"Assistenza Pc24h\",\"description\":\"Consulenza informatica a 360\u00b0\",\"potentialAction\":[{\"@type\":\"SearchAction\",\"target\":{\"@type\":\"EntryPoint\",\"urlTemplate\":\"https:\/\/www.assistenza-pc24h.it\/?s={search_term_string}\"},\"query-input\":\"required name=search_term_string\"}],\"inLanguage\":\"it-IT\"}]}<\/script>\r\n<!-- \/ Yoast SEO plugin. -->","yoast_head_json":{"title":"Certificazioni - Assistenza Pc24h","robots":{"index":"index","follow":"follow","max-snippet":"max-snippet:-1","max-image-preview":"max-image-preview:large","max-video-preview":"max-video-preview:-1"},"canonical":"https:\/\/www.assistenza-pc24h.it\/index.php\/certificazioni\/","og_locale":"it_IT","og_type":"article","og_title":"Certificazioni - Assistenza Pc24h","og_description":"Lavoriamo costantemente per garantire ed offrire un servizio di alta qualit\u00e0 e professionalit\u00e0. Il nostro obbiettivo e il cercare continuamente di mantenere aggiornate le nostre competenze con corsi di qualificazione, di specializzazione, di certificazione e formazione continua, requisito fondamentale per &hellip; Continua","og_url":"https:\/\/www.assistenza-pc24h.it\/index.php\/certificazioni\/","og_site_name":"Assistenza Pc24h","article_modified_time":"2022-11-01T21:47:32+00:00","og_image":[{"url":"https:\/\/www.assistenza-pc24h.it\/wp-content\/uploads\/2-768x546.jpg"}],"twitter_card":"summary_large_image","twitter_misc":{"Tempo di lettura stimato":"3 minuti"},"schema":{"@context":"https:\/\/schema.org","@graph":[{"@type":"WebPage","@id":"https:\/\/www.assistenza-pc24h.it\/index.php\/certificazioni\/","url":"https:\/\/www.assistenza-pc24h.it\/index.php\/certificazioni\/","name":"Certificazioni - Assistenza Pc24h","isPartOf":{"@id":"https:\/\/www.assistenza-pc24h.it\/#website"},"datePublished":"2020-01-05T11:00:27+00:00","dateModified":"2022-11-01T21:47:32+00:00","breadcrumb":{"@id":"https:\/\/www.assistenza-pc24h.it\/index.php\/certificazioni\/#breadcrumb"},"inLanguage":"it-IT","potentialAction":[{"@type":"ReadAction","target":["https:\/\/www.assistenza-pc24h.it\/index.php\/certificazioni\/"]}]},{"@type":"BreadcrumbList","@id":"https:\/\/www.assistenza-pc24h.it\/index.php\/certificazioni\/#breadcrumb","itemListElement":[{"@type":"ListItem","position":1,"name":"Home","item":"https:\/\/www.assistenza-pc24h.it\/"},{"@type":"ListItem","position":2,"name":"Certificazioni"}]},{"@type":"WebSite","@id":"https:\/\/www.assistenza-pc24h.it\/#website","url":"https:\/\/www.assistenza-pc24h.it\/","name":"Assistenza Pc24h","description":"Consulenza informatica a 360\u00b0","potentialAction":[{"@type":"SearchAction","target":{"@type":"EntryPoint","urlTemplate":"https:\/\/www.assistenza-pc24h.it\/?s={search_term_string}"},"query-input":"required name=search_term_string"}],"inLanguage":"it-IT"}]}},"_links":{"self":[{"href":"https:\/\/www.assistenza-pc24h.it\/index.php\/wp-json\/wp\/v2\/pages\/13"}],"collection":[{"href":"https:\/\/www.assistenza-pc24h.it\/index.php\/wp-json\/wp\/v2\/pages"}],"about":[{"href":"https:\/\/www.assistenza-pc24h.it\/index.php\/wp-json\/wp\/v2\/types\/page"}],"author":[{"embeddable":true,"href":"https:\/\/www.assistenza-pc24h.it\/index.php\/wp-json\/wp\/v2\/users\/1"}],"replies":[{"embeddable":true,"href":"https:\/\/www.assistenza-pc24h.it\/index.php\/wp-json\/wp\/v2\/comments?post=13"}],"version-history":[{"count":50,"href":"https:\/\/www.assistenza-pc24h.it\/index.php\/wp-json\/wp\/v2\/pages\/13\/revisions"}],"predecessor-version":[{"id":771,"href":"https:\/\/www.assistenza-pc24h.it\/index.php\/wp-json\/wp\/v2\/pages\/13\/revisions\/771"}],"wp:attachment":[{"href":"https:\/\/www.assistenza-pc24h.it\/index.php\/wp-json\/wp\/v2\/media?parent=13"}],"curies":[{"name":"wp","href":"https:\/\/api.w.org\/{rel}","templated":true}]}}